{"id":9,"date":"2014-03-18T13:50:03","date_gmt":"2014-03-18T11:50:03","guid":{"rendered":"http:\/\/www.tripet.com\/?page_id=9"},"modified":"2014-09-26T16:08:51","modified_gmt":"2014-09-26T14:08:51","slug":"work","status":"publish","type":"page","link":"https:\/\/www.tripet.com\/?page_id=9","title":{"rendered":"WORK"},"content":{"rendered":"<h4>ARBEITSWEISE<\/h4>\n<p style=\"text-align: justify;\">Bestehende Spuren aufnehmen, weiterf\u00fchren und neu interpretieren \u2013 dieser Leitgedanke steht im Zentrum unseres Tuns. Unsere Architektur verbindet. Das Vorhandene mit dem Neuen, die W\u00fcnsche der Bauherrschaft mit den R\u00e4umen \u2013 manchmal in vornehmer Zur\u00fcckhaltung, manchmal mit starker Pr\u00e4senz.<\/p>\n<p style=\"text-align: justify;\">Wir h\u00f6ren zu, hinterfragen vermeintlich Gegebenes, loten Grenzen aus, suchen den intensiven Dialog mit allen Beteiligten. Daraus sch\u00f6pfen wir unsere Inspiration. So entstehen ganzheitliche architektonische R\u00e4ume, in denen sich Menschen zuhause f\u00fchlen.<\/p>\n","protected":false},"excerpt":{"rendered":"<p>ARBEITSWEISE Bestehende Spuren aufnehmen, weiterf\u00fchren und neu interpretieren \u2013 dieser Leitgedanke steht im Zentrum unseres Tuns. Unsere Architektur verbindet. Das Vorhandene mit dem Neuen, die W\u00fcnsche der Bauherrschaft mit den R\u00e4umen \u2013 manchmal in vornehmer Zur\u00fcckhaltung, manchmal mit starker Pr\u00e4senz. Wir h\u00f6ren zu, hinterfragen vermeintlich Gegebenes, loten Grenzen aus, suchen den intensiven Dialog mit allen [&hellip;]<\/p>\n","protected":false},"author":1,"featured_media":0,"parent":0,"menu_order":0,"comment_status":"open","ping_status":"open","template":"","meta":[],"acf":[],"_links":{"self":[{"href":"https:\/\/www.tripet.com\/index.php?rest_route=\/wp\/v2\/pages\/9"}],"collection":[{"href":"https:\/\/www.tripet.com\/index.php?rest_route=\/wp\/v2\/pages"}],"about":[{"href":"https:\/\/www.tripet.com\/index.php?rest_route=\/wp\/v2\/types\/page"}],"author":[{"embeddable":true,"href":"https:\/\/www.tripet.com\/index.php?rest_route=\/wp\/v2\/users\/1"}],"replies":[{"embeddable":true,"href":"https:\/\/www.tripet.com\/index.php?rest_route=%2Fwp%2Fv2%2Fcomments&post=9"}],"version-history":[{"count":31,"href":"https:\/\/www.tripet.com\/index.php?rest_route=\/wp\/v2\/pages\/9\/revisions"}],"predecessor-version":[{"id":1642,"href":"https:\/\/www.tripet.com\/index.php?rest_route=\/wp\/v2\/pages\/9\/revisions\/1642"}],"wp:attachment":[{"href":"https:\/\/www.tripet.com\/index.php?rest_route=%2Fwp%2Fv2%2Fmedia&parent=9"}],"curies":[{"name":"wp","href":"https:\/\/api.w.org\/{rel}","templated":true}]}}